{"id":276,"date":"2023-03-10T08:35:08","date_gmt":"2023-03-10T07:35:08","guid":{"rendered":"https:\/\/www.porteoceane-dulimousin.fr\/cri\/?page_id=276"},"modified":"2023-03-13T13:04:46","modified_gmt":"2023-03-13T12:04:46","slug":"1er-cycle-les-bases","status":"publish","type":"page","link":"https:\/\/www.porteoceane-dulimousin.fr\/cri\/parcours-pedagogiques\/les-parcours-diplomants\/1er-cycle-les-bases\/","title":{"rendered":"1er cycle : les bases"},"content":{"rendered":"<p>Le cycle 1 s\u2019adresse aux \u00e9l\u00e8ves d\u00e9butants, et commence \u2013 sauf pour le cursus ado\/adulte par une ann\u00e9e d&rsquo;initiation.<\/p>\n<p>Il vise \u00e0 acqu\u00e9rir les bases de la connaissance du langage et du vocabulaire musical, de la formation instrumentale individuelle et collective, le d\u00e9veloppement de l\u2019oreille musicale et l\u2019acquisition de contenus th\u00e9oriques.<br \/>\nLes contenus et d\u00e9marches du premier cycle privil\u00e9gient le d\u00e9veloppement de la curiosit\u00e9 et la construction de la motivation.<\/p>\n<p>Le cycle 1 est conclu par le <strong>Brevet de fin premier cycle,<\/strong> qui est d\u00e9livr\u00e9 aux candidats ayant valid\u00e9 l\u2019ensemble des Unit\u00e9s d\u2019Enseignement (UE) obligatoires.<\/p>\n","protected":false},"excerpt":{"rendered":"<p>Le cycle 1 s\u2019adresse aux \u00e9l\u00e8ves d\u00e9butants, et commence \u2013 sauf pour le cursus ado\/adulte par une ann\u00e9e d&rsquo;initiation. Il vise \u00e0 acqu\u00e9rir les bases de la connaissance du langage [&hellip;]<\/p>\n","protected":false},"author":3,"featured_media":0,"parent":90,"menu_order":0,"comment_status":"closed","ping_status":"closed","template":"","meta":{"ocean_post_layout":"","ocean_both_sidebars_style":"","ocean_both_sidebars_content_width":0,"ocean_both_sidebars_sidebars_width":0,"ocean_sidebar":"0","ocean_second_sidebar":"0","ocean_disable_margins":"enable","ocean_add_body_class":"","ocean_shortcode_before_top_bar":"","ocean_shortcode_after_top_bar":"","ocean_shortcode_before_header":"","ocean_shortcode_after_header":"","ocean_has_shortcode":"","ocean_shortcode_after_title":"","ocean_shortcode_before_footer_widgets":"","ocean_shortcode_after_footer_widgets":"","ocean_shortcode_before_footer_bottom":"","ocean_shortcode_after_footer_bottom":"","ocean_display_top_bar":"default","ocean_display_header":"default","ocean_header_style":"","ocean_center_header_left_menu":"0","ocean_custom_header_template":"0","ocean_custom_logo":0,"ocean_custom_retina_logo":0,"ocean_custom_logo_max_width":0,"ocean_custom_logo_tablet_max_width":0,"ocean_custom_logo_mobile_max_width":0,"ocean_custom_logo_max_height":0,"ocean_custom_logo_tablet_max_height":0,"ocean_custom_logo_mobile_max_height":0,"ocean_header_custom_menu":"0","ocean_menu_typo_font_family":"0","ocean_menu_typo_font_subset":"","ocean_menu_typo_font_size":0,"ocean_menu_typo_font_size_tablet":0,"ocean_menu_typo_font_size_mobile":0,"ocean_menu_typo_font_size_unit":"px","ocean_menu_typo_font_weight":"","ocean_menu_typo_font_weight_tablet":"","ocean_menu_typo_font_weight_mobile":"","ocean_menu_typo_transform":"","ocean_menu_typo_transform_tablet":"","ocean_menu_typo_transform_mobile":"","ocean_menu_typo_line_height":0,"ocean_menu_typo_line_height_tablet":0,"ocean_menu_typo_line_height_mobile":0,"ocean_menu_typo_line_height_unit":"","ocean_menu_typo_spacing":0,"ocean_menu_typo_spacing_tablet":0,"ocean_menu_typo_spacing_mobile":0,"ocean_menu_typo_spacing_unit":"","ocean_menu_link_color":"","ocean_menu_link_color_hover":"","ocean_menu_link_color_active":"","ocean_menu_link_background":"","ocean_menu_link_hover_background":"","ocean_menu_link_active_background":"","ocean_menu_social_links_bg":"","ocean_menu_social_hover_links_bg":"","ocean_menu_social_links_color":"","ocean_menu_social_hover_links_color":"","ocean_disable_title":"default","ocean_disable_heading":"default","ocean_post_title":"","ocean_post_subheading":"","ocean_post_title_style":"","ocean_post_title_background_color":"","ocean_post_title_background":0,"ocean_post_title_bg_image_position":"","ocean_post_title_bg_image_attachment":"","ocean_post_title_bg_image_repeat":"","ocean_post_title_bg_image_size":"","ocean_post_title_height":0,"ocean_post_title_bg_overlay":0.5,"ocean_post_title_bg_overlay_color":"","ocean_disable_breadcrumbs":"default","ocean_breadcrumbs_color":"","ocean_breadcrumbs_separator_color":"","ocean_breadcrumbs_links_color":"","ocean_breadcrumbs_links_hover_color":"","ocean_display_footer_widgets":"default","ocean_display_footer_bottom":"default","ocean_custom_footer_template":"0","footnotes":""},"class_list":["post-276","page","type-page","status-publish","hentry","entry"],"yoast_head":"<!-- This site is optimized with the Yoast SEO plugin v27.4 - https:\/\/yoast.com\/product\/yoast-seo-wordpress\/ -->\n<title>1er cycle : les bases - Conservatoire \u00e0 Rayonnement Intercommunal<\/title>\n<meta name=\"robots\" content=\"index, follow, max-snippet:-1, max-image-preview:large, max-video-preview:-1\" \/>\n<link rel=\"canonical\" href=\"https:\/\/www.porteoceane-dulimousin.fr\/cri\/parcours-pedagogiques\/les-parcours-diplomants\/1er-cycle-les-bases\/\" \/>\n<meta property=\"og:locale\" content=\"fr_FR\" \/>\n<meta property=\"og:type\" content=\"article\" \/>\n<meta property=\"og:title\" content=\"1er cycle : les bases - Conservatoire \u00e0 Rayonnement Intercommunal\" \/>\n<meta property=\"og:description\" content=\"Le cycle 1 s\u2019adresse aux \u00e9l\u00e8ves d\u00e9butants, et commence \u2013 sauf pour le cursus ado\/adulte par une ann\u00e9e d&rsquo;initiation. Il vise \u00e0 acqu\u00e9rir les bases de la connaissance du langage [&hellip;]\" \/>\n<meta property=\"og:url\" content=\"https:\/\/www.porteoceane-dulimousin.fr\/cri\/parcours-pedagogiques\/les-parcours-diplomants\/1er-cycle-les-bases\/\" \/>\n<meta property=\"og:site_name\" content=\"Conservatoire \u00e0 Rayonnement Intercommunal\" \/>\n<meta property=\"article:publisher\" content=\"https:\/\/www.facebook.com\/CRIjeanferrat\" \/>\n<meta property=\"article:modified_time\" content=\"2023-03-13T12:04:46+00:00\" \/>\n<meta name=\"twitter:card\" content=\"summary_large_image\" \/>\n<meta name=\"twitter:label1\" content=\"Dur\u00e9e de lecture estim\u00e9e\" \/>\n\t<meta name=\"twitter:data1\" content=\"1 minute\" \/>\n<script type=\"application\/ld+json\" class=\"yoast-schema-graph\">{\"@context\":\"https:\\\/\\\/schema.org\",\"@graph\":[{\"@type\":\"WebPage\",\"@id\":\"https:\\\/\\\/www.porteoceane-dulimousin.fr\\\/cri\\\/parcours-pedagogiques\\\/les-parcours-diplomants\\\/1er-cycle-les-bases\\\/\",\"url\":\"https:\\\/\\\/www.porteoceane-dulimousin.fr\\\/cri\\\/parcours-pedagogiques\\\/les-parcours-diplomants\\\/1er-cycle-les-bases\\\/\",\"name\":\"1er cycle : les bases - Conservatoire \u00e0 Rayonnement Intercommunal\",\"isPartOf\":{\"@id\":\"https:\\\/\\\/www.porteoceane-dulimousin.fr\\\/cri\\\/#website\"},\"datePublished\":\"2023-03-10T07:35:08+00:00\",\"dateModified\":\"2023-03-13T12:04:46+00:00\",\"breadcrumb\":{\"@id\":\"https:\\\/\\\/www.porteoceane-dulimousin.fr\\\/cri\\\/parcours-pedagogiques\\\/les-parcours-diplomants\\\/1er-cycle-les-bases\\\/#breadcrumb\"},\"inLanguage\":\"fr-FR\",\"potentialAction\":[{\"@type\":\"ReadAction\",\"target\":[\"https:\\\/\\\/www.porteoceane-dulimousin.fr\\\/cri\\\/parcours-pedagogiques\\\/les-parcours-diplomants\\\/1er-cycle-les-bases\\\/\"]}]},{\"@type\":\"BreadcrumbList\",\"@id\":\"https:\\\/\\\/www.porteoceane-dulimousin.fr\\\/cri\\\/parcours-pedagogiques\\\/les-parcours-diplomants\\\/1er-cycle-les-bases\\\/#breadcrumb\",\"itemListElement\":[{\"@type\":\"ListItem\",\"position\":1,\"name\":\"Accueil\",\"item\":\"https:\\\/\\\/www.porteoceane-dulimousin.fr\\\/cri\\\/\"},{\"@type\":\"ListItem\",\"position\":2,\"name\":\"Les parcours p\u00e9dagogiques\",\"item\":\"https:\\\/\\\/www.porteoceane-dulimousin.fr\\\/cri\\\/parcours-pedagogiques\\\/\"},{\"@type\":\"ListItem\",\"position\":3,\"name\":\"Les cursus dipl\u00f4mants\",\"item\":\"https:\\\/\\\/www.porteoceane-dulimousin.fr\\\/cri\\\/parcours-pedagogiques\\\/les-parcours-diplomants\\\/\"},{\"@type\":\"ListItem\",\"position\":4,\"name\":\"1er cycle : les bases\"}]},{\"@type\":\"WebSite\",\"@id\":\"https:\\\/\\\/www.porteoceane-dulimousin.fr\\\/cri\\\/#website\",\"url\":\"https:\\\/\\\/www.porteoceane-dulimousin.fr\\\/cri\\\/\",\"name\":\"Conservatoire \u00e0 Rayonnement Intercommunal\",\"description\":\"\",\"publisher\":{\"@id\":\"https:\\\/\\\/www.porteoceane-dulimousin.fr\\\/cri\\\/#organization\"},\"potentialAction\":[{\"@type\":\"SearchAction\",\"target\":{\"@type\":\"EntryPoint\",\"urlTemplate\":\"https:\\\/\\\/www.porteoceane-dulimousin.fr\\\/cri\\\/?s={search_term_string}\"},\"query-input\":{\"@type\":\"PropertyValueSpecification\",\"valueRequired\":true,\"valueName\":\"search_term_string\"}}],\"inLanguage\":\"fr-FR\"},{\"@type\":\"Organization\",\"@id\":\"https:\\\/\\\/www.porteoceane-dulimousin.fr\\\/cri\\\/#organization\",\"name\":\"Conservatoire \u00e0 Rayonnement Intercommunal Jean Ferrat\",\"url\":\"https:\\\/\\\/www.porteoceane-dulimousin.fr\\\/cri\\\/\",\"logo\":{\"@type\":\"ImageObject\",\"inLanguage\":\"fr-FR\",\"@id\":\"https:\\\/\\\/www.porteoceane-dulimousin.fr\\\/cri\\\/#\\\/schema\\\/logo\\\/image\\\/\",\"url\":\"https:\\\/\\\/www.porteoceane-dulimousin.fr\\\/cri\\\/wp-content\\\/uploads\\\/2022\\\/11\\\/cropped-Logo-CRI-big-51.png\",\"contentUrl\":\"https:\\\/\\\/www.porteoceane-dulimousin.fr\\\/cri\\\/wp-content\\\/uploads\\\/2022\\\/11\\\/cropped-Logo-CRI-big-51.png\",\"width\":1984,\"height\":748,\"caption\":\"Conservatoire \u00e0 Rayonnement Intercommunal Jean Ferrat\"},\"image\":{\"@id\":\"https:\\\/\\\/www.porteoceane-dulimousin.fr\\\/cri\\\/#\\\/schema\\\/logo\\\/image\\\/\"},\"sameAs\":[\"https:\\\/\\\/www.facebook.com\\\/CRIjeanferrat\"]}]}<\/script>\n<!-- \/ Yoast SEO plugin. -->","yoast_head_json":{"title":"1er cycle : les bases - Conservatoire \u00e0 Rayonnement Intercommunal","robots":{"index":"index","follow":"follow","max-snippet":"max-snippet:-1","max-image-preview":"max-image-preview:large","max-video-preview":"max-video-preview:-1"},"canonical":"https:\/\/www.porteoceane-dulimousin.fr\/cri\/parcours-pedagogiques\/les-parcours-diplomants\/1er-cycle-les-bases\/","og_locale":"fr_FR","og_type":"article","og_title":"1er cycle : les bases - Conservatoire \u00e0 Rayonnement Intercommunal","og_description":"Le cycle 1 s\u2019adresse aux \u00e9l\u00e8ves d\u00e9butants, et commence \u2013 sauf pour le cursus ado\/adulte par une ann\u00e9e d&rsquo;initiation. Il vise \u00e0 acqu\u00e9rir les bases de la connaissance du langage [&hellip;]","og_url":"https:\/\/www.porteoceane-dulimousin.fr\/cri\/parcours-pedagogiques\/les-parcours-diplomants\/1er-cycle-les-bases\/","og_site_name":"Conservatoire \u00e0 Rayonnement Intercommunal","article_publisher":"https:\/\/www.facebook.com\/CRIjeanferrat","article_modified_time":"2023-03-13T12:04:46+00:00","twitter_card":"summary_large_image","twitter_misc":{"Dur\u00e9e de lecture estim\u00e9e":"1 minute"},"schema":{"@context":"https:\/\/schema.org","@graph":[{"@type":"WebPage","@id":"https:\/\/www.porteoceane-dulimousin.fr\/cri\/parcours-pedagogiques\/les-parcours-diplomants\/1er-cycle-les-bases\/","url":"https:\/\/www.porteoceane-dulimousin.fr\/cri\/parcours-pedagogiques\/les-parcours-diplomants\/1er-cycle-les-bases\/","name":"1er cycle : les bases - Conservatoire \u00e0 Rayonnement Intercommunal","isPartOf":{"@id":"https:\/\/www.porteoceane-dulimousin.fr\/cri\/#website"},"datePublished":"2023-03-10T07:35:08+00:00","dateModified":"2023-03-13T12:04:46+00:00","breadcrumb":{"@id":"https:\/\/www.porteoceane-dulimousin.fr\/cri\/parcours-pedagogiques\/les-parcours-diplomants\/1er-cycle-les-bases\/#breadcrumb"},"inLanguage":"fr-FR","potentialAction":[{"@type":"ReadAction","target":["https:\/\/www.porteoceane-dulimousin.fr\/cri\/parcours-pedagogiques\/les-parcours-diplomants\/1er-cycle-les-bases\/"]}]},{"@type":"BreadcrumbList","@id":"https:\/\/www.porteoceane-dulimousin.fr\/cri\/parcours-pedagogiques\/les-parcours-diplomants\/1er-cycle-les-bases\/#breadcrumb","itemListElement":[{"@type":"ListItem","position":1,"name":"Accueil","item":"https:\/\/www.porteoceane-dulimousin.fr\/cri\/"},{"@type":"ListItem","position":2,"name":"Les parcours p\u00e9dagogiques","item":"https:\/\/www.porteoceane-dulimousin.fr\/cri\/parcours-pedagogiques\/"},{"@type":"ListItem","position":3,"name":"Les cursus dipl\u00f4mants","item":"https:\/\/www.porteoceane-dulimousin.fr\/cri\/parcours-pedagogiques\/les-parcours-diplomants\/"},{"@type":"ListItem","position":4,"name":"1er cycle : les bases"}]},{"@type":"WebSite","@id":"https:\/\/www.porteoceane-dulimousin.fr\/cri\/#website","url":"https:\/\/www.porteoceane-dulimousin.fr\/cri\/","name":"Conservatoire \u00e0 Rayonnement Intercommunal","description":"","publisher":{"@id":"https:\/\/www.porteoceane-dulimousin.fr\/cri\/#organization"},"potentialAction":[{"@type":"SearchAction","target":{"@type":"EntryPoint","urlTemplate":"https:\/\/www.porteoceane-dulimousin.fr\/cri\/?s={search_term_string}"},"query-input":{"@type":"PropertyValueSpecification","valueRequired":true,"valueName":"search_term_string"}}],"inLanguage":"fr-FR"},{"@type":"Organization","@id":"https:\/\/www.porteoceane-dulimousin.fr\/cri\/#organization","name":"Conservatoire \u00e0 Rayonnement Intercommunal Jean Ferrat","url":"https:\/\/www.porteoceane-dulimousin.fr\/cri\/","logo":{"@type":"ImageObject","inLanguage":"fr-FR","@id":"https:\/\/www.porteoceane-dulimousin.fr\/cri\/#\/schema\/logo\/image\/","url":"https:\/\/www.porteoceane-dulimousin.fr\/cri\/wp-content\/uploads\/2022\/11\/cropped-Logo-CRI-big-51.png","contentUrl":"https:\/\/www.porteoceane-dulimousin.fr\/cri\/wp-content\/uploads\/2022\/11\/cropped-Logo-CRI-big-51.png","width":1984,"height":748,"caption":"Conservatoire \u00e0 Rayonnement Intercommunal Jean Ferrat"},"image":{"@id":"https:\/\/www.porteoceane-dulimousin.fr\/cri\/#\/schema\/logo\/image\/"},"sameAs":["https:\/\/www.facebook.com\/CRIjeanferrat"]}]}},"_links":{"self":[{"href":"https:\/\/www.porteoceane-dulimousin.fr\/cri\/wp-json\/wp\/v2\/pages\/276","targetHints":{"allow":["GET"]}}],"collection":[{"href":"https:\/\/www.porteoceane-dulimousin.fr\/cri\/wp-json\/wp\/v2\/pages"}],"about":[{"href":"https:\/\/www.porteoceane-dulimousin.fr\/cri\/wp-json\/wp\/v2\/types\/page"}],"author":[{"embeddable":true,"href":"https:\/\/www.porteoceane-dulimousin.fr\/cri\/wp-json\/wp\/v2\/users\/3"}],"replies":[{"embeddable":true,"href":"https:\/\/www.porteoceane-dulimousin.fr\/cri\/wp-json\/wp\/v2\/comments?post=276"}],"version-history":[{"count":1,"href":"https:\/\/www.porteoceane-dulimousin.fr\/cri\/wp-json\/wp\/v2\/pages\/276\/revisions"}],"predecessor-version":[{"id":277,"href":"https:\/\/www.porteoceane-dulimousin.fr\/cri\/wp-json\/wp\/v2\/pages\/276\/revisions\/277"}],"up":[{"embeddable":true,"href":"https:\/\/www.porteoceane-dulimousin.fr\/cri\/wp-json\/wp\/v2\/pages\/90"}],"wp:attachment":[{"href":"https:\/\/www.porteoceane-dulimousin.fr\/cri\/wp-json\/wp\/v2\/media?parent=276"}],"curies":[{"name":"wp","href":"https:\/\/api.w.org\/{rel}","templated":true}]}}