{"id":120,"date":"2021-06-10T16:33:16","date_gmt":"2021-06-10T14:33:16","guid":{"rendered":"https:\/\/www.porteoceane-dulimousin.fr\/cri\/?page_id=120"},"modified":"2023-05-20T11:41:32","modified_gmt":"2023-05-20T09:41:32","slug":"goodies","status":"publish","type":"page","link":"https:\/\/www.porteoceane-dulimousin.fr\/cri\/goodies\/","title":{"rendered":"Goodies"},"content":{"rendered":"\t\t<div data-elementor-type=\"wp-page\" data-elementor-id=\"120\" class=\"elementor elementor-120\">\n\t\t\t\t\t\t<section class=\"elementor-section elementor-top-section elementor-element elementor-element-46c98e6 elementor-section-boxed elementor-section-height-default elementor-section-height-default\" data-id=\"46c98e6\" data-element_type=\"section\" data-e-type=\"section\">\n\t\t\t\t\t\t<div class=\"elementor-container elementor-column-gap-default\">\n\t\t\t\t\t<div class=\"elementor-column elementor-col-100 elementor-top-column elementor-element elementor-element-42e6a77\" data-id=\"42e6a77\" data-element_type=\"column\" data-e-type=\"column\">\n\t\t\t<div class=\"elementor-widget-wrap elementor-element-populated\">\n\t\t\t\t\t\t<div class=\"elementor-element elementor-element-2037ea2 elementor-widget elementor-widget-spacer\" data-id=\"2037ea2\" data-element_type=\"widget\" data-e-type=\"widget\" data-widget_type=\"spacer.default\">\n\t\t\t\t<div class=\"elementor-widget-container\">\n\t\t\t\t\t\t\t<div class=\"elementor-spacer\">\n\t\t\t<div class=\"elementor-spacer-inner\"><\/div>\n\t\t<\/div>\n\t\t\t\t\t\t<\/div>\n\t\t\t\t<\/div>\n\t\t\t\t\t<\/div>\n\t\t<\/div>\n\t\t\t\t\t<\/div>\n\t\t<\/section>\n\t\t\t\t<section class=\"elementor-section elementor-top-section elementor-element elementor-element-58e4e77 elementor-section-boxed elementor-section-height-default elementor-section-height-default\" data-id=\"58e4e77\" data-element_type=\"section\" data-e-type=\"section\">\n\t\t\t\t\t\t<div class=\"elementor-container elementor-column-gap-default\">\n\t\t\t\t\t<div class=\"elementor-column elementor-col-33 elementor-top-column elementor-element elementor-element-5f14404\" data-id=\"5f14404\" data-element_type=\"column\" data-e-type=\"column\">\n\t\t\t<div class=\"elementor-widget-wrap elementor-element-populated\">\n\t\t\t\t\t\t<div class=\"elementor-element elementor-element-c128535 elementor-widget elementor-widget-image\" data-id=\"c128535\" data-element_type=\"widget\" data-e-type=\"widget\" data-widget_type=\"image.default\">\n\t\t\t\t<div class=\"elementor-widget-container\">\n\t\t\t\t\t\t\t\t\t\t\t\t\t\t\t\t<a href=\"https:\/\/www.porteoceane-dulimousin.fr\/cri\/wp-content\/uploads\/2023\/05\/Page-16-portees.pdf\">\n\t\t\t\t\t\t\t<img fetchpriority=\"high\" decoding=\"async\" width=\"693\" height=\"1024\" src=\"https:\/\/www.porteoceane-dulimousin.fr\/cri\/wp-content\/uploads\/2023\/05\/Page-portees-piano.jpg\" class=\"attachment-large size-large wp-image-560\" alt=\"\" srcset=\"https:\/\/www.porteoceane-dulimousin.fr\/cri\/wp-content\/uploads\/2023\/05\/Page-portees-piano.jpg 693w, https:\/\/www.porteoceane-dulimousin.fr\/cri\/wp-content\/uploads\/2023\/05\/Page-portees-piano-203x300.jpg 203w, https:\/\/www.porteoceane-dulimousin.fr\/cri\/wp-content\/uploads\/2023\/05\/Page-portees-piano-320x473.jpg 320w, https:\/\/www.porteoceane-dulimousin.fr\/cri\/wp-content\/uploads\/2023\/05\/Page-portees-piano-480x709.jpg 480w\" sizes=\"(max-width: 693px) 100vw, 693px\" \/>\t\t\t\t\t\t\t\t<\/a>\n\t\t\t\t\t\t\t\t\t\t\t\t\t\t\t<\/div>\n\t\t\t\t<\/div>\n\t\t\t\t\t<\/div>\n\t\t<\/div>\n\t\t\t\t<div class=\"elementor-column elementor-col-33 elementor-top-column elementor-element elementor-element-6f7180b\" data-id=\"6f7180b\" data-element_type=\"column\" data-e-type=\"column\">\n\t\t\t<div class=\"elementor-widget-wrap elementor-element-populated\">\n\t\t\t\t\t\t<div class=\"elementor-element elementor-element-76ce075 elementor-widget elementor-widget-image\" data-id=\"76ce075\" data-element_type=\"widget\" data-e-type=\"widget\" data-widget_type=\"image.default\">\n\t\t\t\t<div class=\"elementor-widget-container\">\n\t\t\t\t\t\t\t\t\t\t\t\t\t\t\t\t<a href=\"https:\/\/www.porteoceane-dulimousin.fr\/cri\/wp-content\/uploads\/2023\/05\/Page-portees-deb_eveil.pdf\">\n\t\t\t\t\t\t\t<img decoding=\"async\" width=\"761\" height=\"1024\" src=\"https:\/\/www.porteoceane-dulimousin.fr\/cri\/wp-content\/uploads\/2023\/05\/Page-portees-deb_eveil.jpg\" class=\"attachment-large size-large wp-image-559\" alt=\"\" srcset=\"https:\/\/www.porteoceane-dulimousin.fr\/cri\/wp-content\/uploads\/2023\/05\/Page-portees-deb_eveil.jpg 761w, https:\/\/www.porteoceane-dulimousin.fr\/cri\/wp-content\/uploads\/2023\/05\/Page-portees-deb_eveil-223x300.jpg 223w, https:\/\/www.porteoceane-dulimousin.fr\/cri\/wp-content\/uploads\/2023\/05\/Page-portees-deb_eveil-320x431.jpg 320w, https:\/\/www.porteoceane-dulimousin.fr\/cri\/wp-content\/uploads\/2023\/05\/Page-portees-deb_eveil-480x646.jpg 480w\" sizes=\"(max-width: 761px) 100vw, 761px\" \/>\t\t\t\t\t\t\t\t<\/a>\n\t\t\t\t\t\t\t\t\t\t\t\t\t\t\t<\/div>\n\t\t\t\t<\/div>\n\t\t\t\t\t<\/div>\n\t\t<\/div>\n\t\t\t\t<div class=\"elementor-column elementor-col-33 elementor-top-column elementor-element elementor-element-02c3e82\" data-id=\"02c3e82\" data-element_type=\"column\" data-e-type=\"column\">\n\t\t\t<div class=\"elementor-widget-wrap elementor-element-populated\">\n\t\t\t\t\t\t<div class=\"elementor-element elementor-element-528b449 elementor-widget elementor-widget-image\" data-id=\"528b449\" data-element_type=\"widget\" data-e-type=\"widget\" data-widget_type=\"image.default\">\n\t\t\t\t<div class=\"elementor-widget-container\">\n\t\t\t\t\t\t\t\t\t\t\t\t\t\t\t\t<a href=\"https:\/\/www.porteoceane-dulimousin.fr\/cri\/wp-content\/uploads\/2023\/05\/Page-portees-piano.pdf\">\n\t\t\t\t\t\t\t<img decoding=\"async\" width=\"697\" height=\"1024\" src=\"https:\/\/www.porteoceane-dulimousin.fr\/cri\/wp-content\/uploads\/2023\/05\/Page-16-portees.jpg\" class=\"attachment-large size-large wp-image-558\" alt=\"\" srcset=\"https:\/\/www.porteoceane-dulimousin.fr\/cri\/wp-content\/uploads\/2023\/05\/Page-16-portees.jpg 697w, https:\/\/www.porteoceane-dulimousin.fr\/cri\/wp-content\/uploads\/2023\/05\/Page-16-portees-204x300.jpg 204w, https:\/\/www.porteoceane-dulimousin.fr\/cri\/wp-content\/uploads\/2023\/05\/Page-16-portees-320x470.jpg 320w, https:\/\/www.porteoceane-dulimousin.fr\/cri\/wp-content\/uploads\/2023\/05\/Page-16-portees-480x705.jpg 480w\" sizes=\"(max-width: 697px) 100vw, 697px\" \/>\t\t\t\t\t\t\t\t<\/a>\n\t\t\t\t\t\t\t\t\t\t\t\t\t\t\t<\/div>\n\t\t\t\t<\/div>\n\t\t\t\t\t<\/div>\n\t\t<\/div>\n\t\t\t\t\t<\/div>\n\t\t<\/section>\n\t\t\t\t<section class=\"elementor-section elementor-top-section elementor-element elementor-element-560b30a elementor-section-boxed elementor-section-height-default elementor-section-height-default\" data-id=\"560b30a\" data-element_type=\"section\" data-e-type=\"section\">\n\t\t\t\t\t\t<div class=\"elementor-container elementor-column-gap-default\">\n\t\t\t\t\t<div class=\"elementor-column elementor-col-33 elementor-top-column elementor-element elementor-element-ee17d14\" data-id=\"ee17d14\" data-element_type=\"column\" data-e-type=\"column\">\n\t\t\t<div class=\"elementor-widget-wrap elementor-element-populated\">\n\t\t\t\t\t\t<div class=\"elementor-element elementor-element-5734d57 elementor-widget elementor-widget-text-editor\" data-id=\"5734d57\" data-element_type=\"widget\" data-e-type=\"widget\" data-widget_type=\"text-editor.default\">\n\t\t\t\t<div class=\"elementor-widget-container\">\n\t\t\t\t\t\t\t\t\t<p style=\"text-align: center;\">port\u00e9e piano<\/p>\t\t\t\t\t\t\t\t<\/div>\n\t\t\t\t<\/div>\n\t\t\t\t\t<\/div>\n\t\t<\/div>\n\t\t\t\t<div class=\"elementor-column elementor-col-33 elementor-top-column elementor-element elementor-element-98e2384\" data-id=\"98e2384\" data-element_type=\"column\" data-e-type=\"column\">\n\t\t\t<div class=\"elementor-widget-wrap elementor-element-populated\">\n\t\t\t\t\t\t<div class=\"elementor-element elementor-element-ec7c720 elementor-widget elementor-widget-text-editor\" data-id=\"ec7c720\" data-element_type=\"widget\" data-e-type=\"widget\" data-widget_type=\"text-editor.default\">\n\t\t\t\t<div class=\"elementor-widget-container\">\n\t\t\t\t\t\t\t\t\t<p style=\"text-align: center;\">port\u00e9e pour d\u00e9butant<\/p>\t\t\t\t\t\t\t\t<\/div>\n\t\t\t\t<\/div>\n\t\t\t\t\t<\/div>\n\t\t<\/div>\n\t\t\t\t<div class=\"elementor-column elementor-col-33 elementor-top-column elementor-element elementor-element-0513d9e\" data-id=\"0513d9e\" data-element_type=\"column\" data-e-type=\"column\">\n\t\t\t<div class=\"elementor-widget-wrap elementor-element-populated\">\n\t\t\t\t\t\t<div class=\"elementor-element elementor-element-983a7e0 elementor-widget elementor-widget-text-editor\" data-id=\"983a7e0\" data-element_type=\"widget\" data-e-type=\"widget\" data-widget_type=\"text-editor.default\">\n\t\t\t\t<div class=\"elementor-widget-container\">\n\t\t\t\t\t\t\t\t\t<p style=\"text-align: center;\">16 port\u00e9es<\/p>\t\t\t\t\t\t\t\t<\/div>\n\t\t\t\t<\/div>\n\t\t\t\t\t<\/div>\n\t\t<\/div>\n\t\t\t\t\t<\/div>\n\t\t<\/section>\n\t\t\t\t<\/div>\n\t\t","protected":false},"excerpt":{"rendered":"<p>port\u00e9e piano port\u00e9e pour d\u00e9butant 16 port\u00e9es<\/p>\n","protected":false},"author":1,"featured_media":0,"parent":0,"menu_order":0,"comment_status":"closed","ping_status":"closed","template":"elementor_header_footer","meta":{"ocean_post_layout":"","ocean_both_sidebars_style":"","ocean_both_sidebars_content_width":0,"ocean_both_sidebars_sidebars_width":0,"ocean_sidebar":"0","ocean_second_sidebar":"0","ocean_disable_margins":"enable","ocean_add_body_class":"","ocean_shortcode_before_top_bar":"","ocean_shortcode_after_top_bar":"","ocean_shortcode_before_header":"","ocean_shortcode_after_header":"","ocean_has_shortcode":"","ocean_shortcode_after_title":"","ocean_shortcode_before_footer_widgets":"","ocean_shortcode_after_footer_widgets":"","ocean_shortcode_before_footer_bottom":"","ocean_shortcode_after_footer_bottom":"","ocean_display_top_bar":"default","ocean_display_header":"default","ocean_header_style":"","ocean_center_header_left_menu":"0","ocean_custom_header_template":"0","ocean_custom_logo":0,"ocean_custom_retina_logo":0,"ocean_custom_logo_max_width":0,"ocean_custom_logo_tablet_max_width":0,"ocean_custom_logo_mobile_max_width":0,"ocean_custom_logo_max_height":0,"ocean_custom_logo_tablet_max_height":0,"ocean_custom_logo_mobile_max_height":0,"ocean_header_custom_menu":"0","ocean_menu_typo_font_family":"0","ocean_menu_typo_font_subset":"","ocean_menu_typo_font_size":0,"ocean_menu_typo_font_size_tablet":0,"ocean_menu_typo_font_size_mobile":0,"ocean_menu_typo_font_size_unit":"px","ocean_menu_typo_font_weight":"","ocean_menu_typo_font_weight_tablet":"","ocean_menu_typo_font_weight_mobile":"","ocean_menu_typo_transform":"","ocean_menu_typo_transform_tablet":"","ocean_menu_typo_transform_mobile":"","ocean_menu_typo_line_height":0,"ocean_menu_typo_line_height_tablet":0,"ocean_menu_typo_line_height_mobile":0,"ocean_menu_typo_line_height_unit":"","ocean_menu_typo_spacing":0,"ocean_menu_typo_spacing_tablet":0,"ocean_menu_typo_spacing_mobile":0,"ocean_menu_typo_spacing_unit":"","ocean_menu_link_color":"","ocean_menu_link_color_hover":"","ocean_menu_link_color_active":"","ocean_menu_link_background":"","ocean_menu_link_hover_background":"","ocean_menu_link_active_background":"","ocean_menu_social_links_bg":"","ocean_menu_social_hover_links_bg":"","ocean_menu_social_links_color":"","ocean_menu_social_hover_links_color":"","ocean_disable_title":"default","ocean_disable_heading":"default","ocean_post_title":"","ocean_post_subheading":"","ocean_post_title_style":"","ocean_post_title_background_color":"","ocean_post_title_background":0,"ocean_post_title_bg_image_position":"","ocean_post_title_bg_image_attachment":"","ocean_post_title_bg_image_repeat":"","ocean_post_title_bg_image_size":"","ocean_post_title_height":0,"ocean_post_title_bg_overlay":0.5,"ocean_post_title_bg_overlay_color":"","ocean_disable_breadcrumbs":"default","ocean_breadcrumbs_color":"","ocean_breadcrumbs_separator_color":"","ocean_breadcrumbs_links_color":"","ocean_breadcrumbs_links_hover_color":"","ocean_display_footer_widgets":"default","ocean_display_footer_bottom":"default","ocean_custom_footer_template":"0","footnotes":""},"class_list":["post-120","page","type-page","status-publish","hentry","entry"],"yoast_head":"<!-- This site is optimized with the Yoast SEO plugin v27.5 - https:\/\/yoast.com\/product\/yoast-seo-wordpress\/ -->\n<title>Goodies - Conservatoire \u00e0 Rayonnement Intercommunal<\/title>\n<meta name=\"robots\" content=\"index, follow, max-snippet:-1, max-image-preview:large, max-video-preview:-1\" \/>\n<link rel=\"canonical\" href=\"https:\/\/www.porteoceane-dulimousin.fr\/cri\/goodies\/\" \/>\n<meta property=\"og:locale\" content=\"fr_FR\" \/>\n<meta property=\"og:type\" content=\"article\" \/>\n<meta property=\"og:title\" content=\"Goodies - Conservatoire \u00e0 Rayonnement Intercommunal\" \/>\n<meta property=\"og:description\" content=\"port\u00e9e piano port\u00e9e pour d\u00e9butant 16 port\u00e9es\" \/>\n<meta property=\"og:url\" content=\"https:\/\/www.porteoceane-dulimousin.fr\/cri\/goodies\/\" \/>\n<meta property=\"og:site_name\" content=\"Conservatoire \u00e0 Rayonnement Intercommunal\" \/>\n<meta property=\"article:publisher\" content=\"https:\/\/www.facebook.com\/CRIjeanferrat\" \/>\n<meta property=\"article:modified_time\" content=\"2023-05-20T09:41:32+00:00\" \/>\n<meta property=\"og:image\" content=\"https:\/\/www.porteoceane-dulimousin.fr\/cri\/wp-content\/uploads\/2023\/05\/Page-portees-piano.jpg\" \/>\n<meta name=\"twitter:card\" content=\"summary_large_image\" \/>\n<meta name=\"twitter:label1\" content=\"Dur\u00e9e de lecture estim\u00e9e\" \/>\n\t<meta name=\"twitter:data1\" content=\"1 minute\" \/>\n<script type=\"application\/ld+json\" class=\"yoast-schema-graph\">{\"@context\":\"https:\\\/\\\/schema.org\",\"@graph\":[{\"@type\":\"WebPage\",\"@id\":\"https:\\\/\\\/www.porteoceane-dulimousin.fr\\\/cri\\\/goodies\\\/\",\"url\":\"https:\\\/\\\/www.porteoceane-dulimousin.fr\\\/cri\\\/goodies\\\/\",\"name\":\"Goodies - Conservatoire \u00e0 Rayonnement Intercommunal\",\"isPartOf\":{\"@id\":\"https:\\\/\\\/www.porteoceane-dulimousin.fr\\\/cri\\\/#website\"},\"primaryImageOfPage\":{\"@id\":\"https:\\\/\\\/www.porteoceane-dulimousin.fr\\\/cri\\\/goodies\\\/#primaryimage\"},\"image\":{\"@id\":\"https:\\\/\\\/www.porteoceane-dulimousin.fr\\\/cri\\\/goodies\\\/#primaryimage\"},\"thumbnailUrl\":\"https:\\\/\\\/www.porteoceane-dulimousin.fr\\\/cri\\\/wp-content\\\/uploads\\\/2023\\\/05\\\/Page-portees-piano.jpg\",\"datePublished\":\"2021-06-10T14:33:16+00:00\",\"dateModified\":\"2023-05-20T09:41:32+00:00\",\"breadcrumb\":{\"@id\":\"https:\\\/\\\/www.porteoceane-dulimousin.fr\\\/cri\\\/goodies\\\/#breadcrumb\"},\"inLanguage\":\"fr-FR\",\"potentialAction\":[{\"@type\":\"ReadAction\",\"target\":[\"https:\\\/\\\/www.porteoceane-dulimousin.fr\\\/cri\\\/goodies\\\/\"]}]},{\"@type\":\"ImageObject\",\"inLanguage\":\"fr-FR\",\"@id\":\"https:\\\/\\\/www.porteoceane-dulimousin.fr\\\/cri\\\/goodies\\\/#primaryimage\",\"url\":\"https:\\\/\\\/www.porteoceane-dulimousin.fr\\\/cri\\\/wp-content\\\/uploads\\\/2023\\\/05\\\/Page-portees-piano.jpg\",\"contentUrl\":\"https:\\\/\\\/www.porteoceane-dulimousin.fr\\\/cri\\\/wp-content\\\/uploads\\\/2023\\\/05\\\/Page-portees-piano.jpg\",\"width\":693,\"height\":1024},{\"@type\":\"BreadcrumbList\",\"@id\":\"https:\\\/\\\/www.porteoceane-dulimousin.fr\\\/cri\\\/goodies\\\/#breadcrumb\",\"itemListElement\":[{\"@type\":\"ListItem\",\"position\":1,\"name\":\"Accueil\",\"item\":\"https:\\\/\\\/www.porteoceane-dulimousin.fr\\\/cri\\\/\"},{\"@type\":\"ListItem\",\"position\":2,\"name\":\"Goodies\"}]},{\"@type\":\"WebSite\",\"@id\":\"https:\\\/\\\/www.porteoceane-dulimousin.fr\\\/cri\\\/#website\",\"url\":\"https:\\\/\\\/www.porteoceane-dulimousin.fr\\\/cri\\\/\",\"name\":\"Conservatoire \u00e0 Rayonnement Intercommunal\",\"description\":\"\",\"publisher\":{\"@id\":\"https:\\\/\\\/www.porteoceane-dulimousin.fr\\\/cri\\\/#organization\"},\"potentialAction\":[{\"@type\":\"SearchAction\",\"target\":{\"@type\":\"EntryPoint\",\"urlTemplate\":\"https:\\\/\\\/www.porteoceane-dulimousin.fr\\\/cri\\\/?s={search_term_string}\"},\"query-input\":{\"@type\":\"PropertyValueSpecification\",\"valueRequired\":true,\"valueName\":\"search_term_string\"}}],\"inLanguage\":\"fr-FR\"},{\"@type\":\"Organization\",\"@id\":\"https:\\\/\\\/www.porteoceane-dulimousin.fr\\\/cri\\\/#organization\",\"name\":\"Conservatoire \u00e0 Rayonnement Intercommunal Jean Ferrat\",\"url\":\"https:\\\/\\\/www.porteoceane-dulimousin.fr\\\/cri\\\/\",\"logo\":{\"@type\":\"ImageObject\",\"inLanguage\":\"fr-FR\",\"@id\":\"https:\\\/\\\/www.porteoceane-dulimousin.fr\\\/cri\\\/#\\\/schema\\\/logo\\\/image\\\/\",\"url\":\"https:\\\/\\\/www.porteoceane-dulimousin.fr\\\/cri\\\/wp-content\\\/uploads\\\/2022\\\/11\\\/cropped-Logo-CRI-big-51.png\",\"contentUrl\":\"https:\\\/\\\/www.porteoceane-dulimousin.fr\\\/cri\\\/wp-content\\\/uploads\\\/2022\\\/11\\\/cropped-Logo-CRI-big-51.png\",\"width\":1984,\"height\":748,\"caption\":\"Conservatoire \u00e0 Rayonnement Intercommunal Jean Ferrat\"},\"image\":{\"@id\":\"https:\\\/\\\/www.porteoceane-dulimousin.fr\\\/cri\\\/#\\\/schema\\\/logo\\\/image\\\/\"},\"sameAs\":[\"https:\\\/\\\/www.facebook.com\\\/CRIjeanferrat\"]}]}<\/script>\n<!-- \/ Yoast SEO plugin. -->","yoast_head_json":{"title":"Goodies - Conservatoire \u00e0 Rayonnement Intercommunal","robots":{"index":"index","follow":"follow","max-snippet":"max-snippet:-1","max-image-preview":"max-image-preview:large","max-video-preview":"max-video-preview:-1"},"canonical":"https:\/\/www.porteoceane-dulimousin.fr\/cri\/goodies\/","og_locale":"fr_FR","og_type":"article","og_title":"Goodies - Conservatoire \u00e0 Rayonnement Intercommunal","og_description":"port\u00e9e piano port\u00e9e pour d\u00e9butant 16 port\u00e9es","og_url":"https:\/\/www.porteoceane-dulimousin.fr\/cri\/goodies\/","og_site_name":"Conservatoire \u00e0 Rayonnement Intercommunal","article_publisher":"https:\/\/www.facebook.com\/CRIjeanferrat","article_modified_time":"2023-05-20T09:41:32+00:00","og_image":[{"url":"https:\/\/www.porteoceane-dulimousin.fr\/cri\/wp-content\/uploads\/2023\/05\/Page-portees-piano.jpg","type":"","width":"","height":""}],"twitter_card":"summary_large_image","twitter_misc":{"Dur\u00e9e de lecture estim\u00e9e":"1 minute"},"schema":{"@context":"https:\/\/schema.org","@graph":[{"@type":"WebPage","@id":"https:\/\/www.porteoceane-dulimousin.fr\/cri\/goodies\/","url":"https:\/\/www.porteoceane-dulimousin.fr\/cri\/goodies\/","name":"Goodies - Conservatoire \u00e0 Rayonnement Intercommunal","isPartOf":{"@id":"https:\/\/www.porteoceane-dulimousin.fr\/cri\/#website"},"primaryImageOfPage":{"@id":"https:\/\/www.porteoceane-dulimousin.fr\/cri\/goodies\/#primaryimage"},"image":{"@id":"https:\/\/www.porteoceane-dulimousin.fr\/cri\/goodies\/#primaryimage"},"thumbnailUrl":"https:\/\/www.porteoceane-dulimousin.fr\/cri\/wp-content\/uploads\/2023\/05\/Page-portees-piano.jpg","datePublished":"2021-06-10T14:33:16+00:00","dateModified":"2023-05-20T09:41:32+00:00","breadcrumb":{"@id":"https:\/\/www.porteoceane-dulimousin.fr\/cri\/goodies\/#breadcrumb"},"inLanguage":"fr-FR","potentialAction":[{"@type":"ReadAction","target":["https:\/\/www.porteoceane-dulimousin.fr\/cri\/goodies\/"]}]},{"@type":"ImageObject","inLanguage":"fr-FR","@id":"https:\/\/www.porteoceane-dulimousin.fr\/cri\/goodies\/#primaryimage","url":"https:\/\/www.porteoceane-dulimousin.fr\/cri\/wp-content\/uploads\/2023\/05\/Page-portees-piano.jpg","contentUrl":"https:\/\/www.porteoceane-dulimousin.fr\/cri\/wp-content\/uploads\/2023\/05\/Page-portees-piano.jpg","width":693,"height":1024},{"@type":"BreadcrumbList","@id":"https:\/\/www.porteoceane-dulimousin.fr\/cri\/goodies\/#breadcrumb","itemListElement":[{"@type":"ListItem","position":1,"name":"Accueil","item":"https:\/\/www.porteoceane-dulimousin.fr\/cri\/"},{"@type":"ListItem","position":2,"name":"Goodies"}]},{"@type":"WebSite","@id":"https:\/\/www.porteoceane-dulimousin.fr\/cri\/#website","url":"https:\/\/www.porteoceane-dulimousin.fr\/cri\/","name":"Conservatoire \u00e0 Rayonnement Intercommunal","description":"","publisher":{"@id":"https:\/\/www.porteoceane-dulimousin.fr\/cri\/#organization"},"potentialAction":[{"@type":"SearchAction","target":{"@type":"EntryPoint","urlTemplate":"https:\/\/www.porteoceane-dulimousin.fr\/cri\/?s={search_term_string}"},"query-input":{"@type":"PropertyValueSpecification","valueRequired":true,"valueName":"search_term_string"}}],"inLanguage":"fr-FR"},{"@type":"Organization","@id":"https:\/\/www.porteoceane-dulimousin.fr\/cri\/#organization","name":"Conservatoire \u00e0 Rayonnement Intercommunal Jean Ferrat","url":"https:\/\/www.porteoceane-dulimousin.fr\/cri\/","logo":{"@type":"ImageObject","inLanguage":"fr-FR","@id":"https:\/\/www.porteoceane-dulimousin.fr\/cri\/#\/schema\/logo\/image\/","url":"https:\/\/www.porteoceane-dulimousin.fr\/cri\/wp-content\/uploads\/2022\/11\/cropped-Logo-CRI-big-51.png","contentUrl":"https:\/\/www.porteoceane-dulimousin.fr\/cri\/wp-content\/uploads\/2022\/11\/cropped-Logo-CRI-big-51.png","width":1984,"height":748,"caption":"Conservatoire \u00e0 Rayonnement Intercommunal Jean Ferrat"},"image":{"@id":"https:\/\/www.porteoceane-dulimousin.fr\/cri\/#\/schema\/logo\/image\/"},"sameAs":["https:\/\/www.facebook.com\/CRIjeanferrat"]}]}},"_links":{"self":[{"href":"https:\/\/www.porteoceane-dulimousin.fr\/cri\/wp-json\/wp\/v2\/pages\/120","targetHints":{"allow":["GET"]}}],"collection":[{"href":"https:\/\/www.porteoceane-dulimousin.fr\/cri\/wp-json\/wp\/v2\/pages"}],"about":[{"href":"https:\/\/www.porteoceane-dulimousin.fr\/cri\/wp-json\/wp\/v2\/types\/page"}],"author":[{"embeddable":true,"href":"https:\/\/www.porteoceane-dulimousin.fr\/cri\/wp-json\/wp\/v2\/users\/1"}],"replies":[{"embeddable":true,"href":"https:\/\/www.porteoceane-dulimousin.fr\/cri\/wp-json\/wp\/v2\/comments?post=120"}],"version-history":[{"count":4,"href":"https:\/\/www.porteoceane-dulimousin.fr\/cri\/wp-json\/wp\/v2\/pages\/120\/revisions"}],"predecessor-version":[{"id":566,"href":"https:\/\/www.porteoceane-dulimousin.fr\/cri\/wp-json\/wp\/v2\/pages\/120\/revisions\/566"}],"wp:attachment":[{"href":"https:\/\/www.porteoceane-dulimousin.fr\/cri\/wp-json\/wp\/v2\/media?parent=120"}],"curies":[{"name":"wp","href":"https:\/\/api.w.org\/{rel}","templated":true}]}}